{"id":13,"date":"2018-10-01T13:10:34","date_gmt":"2018-10-01T13:10:34","guid":{"rendered":"https:\/\/websitedemos.net\/bbq-restaurant-04\/?page_id=9"},"modified":"2023-07-21T03:43:16","modified_gmt":"2023-07-21T03:43:16","slug":"contact-us","status":"publish","type":"page","link":"https:\/\/fincaliquidambar.hn\/en\/contact-us\/","title":{"rendered":"Contact Us"},"content":{"rendered":"<h3>Finca Liquid\u00e1mbar<\/h3>\n<h1>Contactanos<\/h1>\n<p>Hogar de diversidad natural dedicada ala producci\u00f3n de caf\u00e9 de forma diversificada con calidad y ala preservaci\u00f3n de especies de flora y fauna propios de la zona. &nbsp;<\/p>\n<h3>Tel\u00e9fono<\/h3>\n<h4><a href=\"#\">+504 9987-8920 <\/a><\/h4>\n<h3>Correo<\/h3>\n<h4><a href=\"#\">info@fincaliquidambar.hn<\/a><\/h4>\n<p><div class=\"wpforms-container \" id=\"wpforms-6\"><form id=\"wpforms-form-6\" class=\"wpforms-validate wpforms-form\" data-formid=\"6\" method=\"post\" enctype=\"multipart\/form-data\" action=\"\/en\/wp-json\/wp\/v2\/pages\/13\" data-token=\"bc0ab049da4ff3a4cb90241b9cdb8311\" data-token-time=\"1776962270\"><noscript class=\"wpforms-error-noscript\">Please enable JavaScript in your browser to complete this form.<\/noscript><div class=\"wpforms-field-container\"><div id=\"wpforms-6-field_0-container\" class=\"wpforms-field wpforms-field-name\" data-field-id=\"0\"><label class=\"wpforms-field-label wpforms-label-hide\" for=\"wpforms-6-field_0\">Nombre <span class=\"wpforms-required-label\">*<\/span><\/label><input type=\"text\" id=\"wpforms-6-field_0\" class=\"wpforms-field-large wpforms-field-required\" name=\"wpforms[fields][0]\" placeholder=\"Nombre\" required><\/div><div id=\"wpforms-6-field_1-container\" class=\"wpforms-field wpforms-field-email\" data-field-id=\"1\"><label class=\"wpforms-field-label wpforms-label-hide\" for=\"wpforms-6-field_1\">Correo Electronico <span class=\"wpforms-required-label\">*<\/span><\/label><input type=\"email\" id=\"wpforms-6-field_1\" class=\"wpforms-field-large wpforms-field-required\" name=\"wpforms[fields][1]\" placeholder=\"Correo electronico\" spellcheck=\"false\" required><\/div><div id=\"wpforms-6-field_4-container\" class=\"wpforms-field wpforms-field-number\" data-field-id=\"4\"><label class=\"wpforms-field-label wpforms-label-hide\" for=\"wpforms-6-field_4\">Numero Celular <span class=\"wpforms-required-label\">*<\/span><\/label><input type=\"number\" id=\"wpforms-6-field_4\" class=\"wpforms-field-large wpforms-field-required\" name=\"wpforms[fields][4]\" placeholder=\"Numero Telefonico\" step=\"any\" required><\/div><div id=\"wpforms-6-field_3-container\" class=\"wpforms-field wpforms-field-text\" data-field-id=\"3\"><label class=\"wpforms-field-label wpforms-label-hide\" for=\"wpforms-6-field_3\">Asunto <span class=\"wpforms-required-label\">*<\/span><\/label><input type=\"text\" id=\"wpforms-6-field_3\" class=\"wpforms-field-large wpforms-field-required\" name=\"wpforms[fields][3]\" placeholder=\"Asunto\" required><\/div><div id=\"wpforms-6-field_2-container\" class=\"wpforms-field wpforms-field-textarea\" data-field-id=\"2\"><label class=\"wpforms-field-label wpforms-label-hide\" for=\"wpforms-6-field_2\">Mensaje <span class=\"wpforms-required-label\">*<\/span><\/label><textarea id=\"wpforms-6-field_2\" class=\"wpforms-field-large wpforms-field-required\" name=\"wpforms[fields][2]\" placeholder=\"Mensaje\" required><\/textarea><\/div><\/div><!-- .wpforms-field-container --><div class=\"wpforms-field wpforms-field-hp\"><label for=\"wpforms-6-field-hp\" class=\"wpforms-field-label\">Comment<\/label><input type=\"text\" name=\"wpforms[hp]\" id=\"wpforms-6-field-hp\" class=\"wpforms-field-medium\"><\/div><div class=\"wpforms-submit-container\" ><input type=\"hidden\" name=\"wpforms[id]\" value=\"6\"><input type=\"hidden\" name=\"page_title\" value=\"\"><input type=\"hidden\" name=\"page_url\" value=\"https:\/\/fincaliquidambar.hn\/en\/wp-json\/wp\/v2\/pages\/13\"><input type=\"hidden\" name=\"url_referer\" value=\"\"><button type=\"submit\" name=\"wpforms[submit]\" id=\"wpforms-submit-6\" class=\"wpforms-submit\" data-alt-text=\"Enviando...\" data-submit-text=\"Enviar\" aria-live=\"assertive\" value=\"wpforms-submit\">Enviar<\/button><\/div><\/form><\/div>  <!-- .wpforms-container --><br \/>\n<iframe frameborder=\"0\" scrolling=\"no\" marginheight=\"0\" marginwidth=\"0\" src=\"https:\/\/maps.google.com\/maps?q=san%20jose%20la%20paz&amp;t=m&amp;z=12&amp;output=embed&amp;iwloc=near\" title=\"san jose la paz\" aria-label=\"san jose la paz\"><\/iframe><\/p>\n<h2>Finca Liquid\u00e1mbar<\/h2>\n<p>Correo Electronico:<\/p>\n<p><a href=\"mailto:gonzalwzrober@yahoo.com\">info@fincaliquidambar.hn<\/a><\/p>\n<p>Telefono:&nbsp; &nbsp; &nbsp; &nbsp; &nbsp;+504 99878920<\/p>\n<p>Ubicaci\u00f3n:<\/p>\n<p>Cordillera de Montecillo Marcala La<\/p>\n<p>Paz , Honduras 15101<\/p>\n<p><a href=\"#\"><br \/>\nFacebook<br \/>\n<\/a><br \/>\n<a href=\"https:\/\/instagram.com\/finca_liquidambarhn?igshid=MzRlODBiNWFlZA==\" target=\"_blank\" rel=\"noopener\"><br \/>\nInstagram<br \/>\n<\/a><\/p>\n","protected":false},"excerpt":{"rendered":"<p>Finca Liquid\u00e1mbar Contactanos Hogar de diversidad natural dedicada ala producci\u00f3n de caf\u00e9 de forma diversificada con calidad y ala preservaci\u00f3n de especies de flora y fauna propios de la zona. &nbsp; Tel\u00e9fono +504 9987-8920 Correo info@fincaliquidambar.hn Finca Liquid\u00e1mbar Correo Electronico: info@fincaliquidambar.hn Telefono:&nbsp; &nbsp; &nbsp; &nbsp; &nbsp;+504 99878920 Ubicaci\u00f3n: Cordillera de Montecillo Marcala La Paz , [&hellip;]<\/p>\n","protected":false},"author":1,"featured_media":0,"parent":0,"menu_order":0,"comment_status":"closed","ping_status":"closed","template":"","meta":{"_uag_custom_page_level_css":"","site-sidebar-layout":"no-sidebar","site-content-layout":"page-builder","ast-site-content-layout":"default","site-content-style":"default","site-sidebar-style":"default","ast-global-header-display":"","ast-banner-title-visibility":"","ast-main-header-display":"","ast-hfb-above-header-display":"","ast-hfb-below-header-display":"","ast-hfb-mobile-header-display":"","site-post-title":"disabled","ast-breadcrumbs-content":"","ast-featured-img":"disabled","footer-sml-layout":"","ast-disable-related-posts":"","theme-transparent-header-meta":"default","adv-header-id-meta":"","stick-header-meta":"","header-above-stick-meta":"","header-main-stick-meta":"","header-below-stick-meta":"","astra-migrate-meta-layouts":"default","ast-page-background-enabled":"default","ast-page-background-meta":{"desktop":{"background-color":"var(--ast-global-color-4)","background-image":"","background-repeat":"repeat","background-position":"center center","background-size":"auto","background-attachment":"scroll","background-type":"","background-media":"","overlay-type":"","overlay-color":"","overlay-opacity":"","overlay-gradient":""},"tablet":{"background-color":"","background-image":"","background-repeat":"repeat","background-position":"center center","background-size":"auto","background-attachment":"scroll","background-type":"","background-media":"","overlay-type":"","overlay-color":"","overlay-opacity":"","overlay-gradient":""},"mobile":{"background-color":"","background-image":"","background-repeat":"repeat","background-position":"center center","background-size":"auto","background-attachment":"scroll","background-type":"","background-media":"","overlay-type":"","overlay-color":"","overlay-opacity":"","overlay-gradient":""}},"ast-content-background-meta":{"desktop":{"background-color":"var(--ast-global-color-5)","background-image":"","background-repeat":"repeat","background-position":"center center","background-size":"auto","background-attachment":"scroll","background-type":"","background-media":"","overlay-type":"","overlay-color":"","overlay-opacity":"","overlay-gradient":""},"tablet":{"background-color":"var(--ast-global-color-5)","background-image":"","background-repeat":"repeat","background-position":"center center","background-size":"auto","background-attachment":"scroll","background-type":"","background-media":"","overlay-type":"","overlay-color":"","overlay-opacity":"","overlay-gradient":""},"mobile":{"background-color":"var(--ast-global-color-5)","background-image":"","background-repeat":"repeat","background-position":"center center","background-size":"auto","background-attachment":"scroll","background-type":"","background-media":"","overlay-type":"","overlay-color":"","overlay-opacity":"","overlay-gradient":""}},"footnotes":""},"class_list":["post-13","page","type-page","status-publish","hentry"],"uagb_featured_image_src":{"full":false,"thumbnail":false,"medium":false,"medium_large":false,"large":false,"1536x1536":false,"2048x2048":false,"trp-custom-language-flag":false},"uagb_author_info":{"display_name":"fincaliquidambar","author_link":"https:\/\/fincaliquidambar.hn\/en\/author\/fincaliquidambar\/"},"uagb_comment_info":0,"uagb_excerpt":"Finca Liquid\u00e1mbar Contactanos Hogar de diversidad natural dedicada ala producci\u00f3n de caf\u00e9 de forma diversificada con calidad y ala preservaci\u00f3n de especies de flora y fauna propios de la zona. &nbsp; Tel\u00e9fono +504 9987-8920 Correo info@fincaliquidambar.hn Finca Liquid\u00e1mbar Correo Electronico: info@fincaliquidambar.hn Telefono:&nbsp; &nbsp; &nbsp; &nbsp; &nbsp;+504 99878920 Ubicaci\u00f3n: Cordillera de Montecillo Marcala La Paz ,&hellip;","_links":{"self":[{"href":"https:\/\/fincaliquidambar.hn\/en\/wp-json\/wp\/v2\/pages\/13","targetHints":{"allow":["GET"]}}],"collection":[{"href":"https:\/\/fincaliquidambar.hn\/en\/wp-json\/wp\/v2\/pages"}],"about":[{"href":"https:\/\/fincaliquidambar.hn\/en\/wp-json\/wp\/v2\/types\/page"}],"author":[{"embeddable":true,"href":"https:\/\/fincaliquidambar.hn\/en\/wp-json\/wp\/v2\/users\/1"}],"replies":[{"embeddable":true,"href":"https:\/\/fincaliquidambar.hn\/en\/wp-json\/wp\/v2\/comments?post=13"}],"version-history":[{"count":15,"href":"https:\/\/fincaliquidambar.hn\/en\/wp-json\/wp\/v2\/pages\/13\/revisions"}],"predecessor-version":[{"id":615,"href":"https:\/\/fincaliquidambar.hn\/en\/wp-json\/wp\/v2\/pages\/13\/revisions\/615"}],"wp:attachment":[{"href":"https:\/\/fincaliquidambar.hn\/en\/wp-json\/wp\/v2\/media?parent=13"}],"curies":[{"name":"wp","href":"https:\/\/api.w.org\/{rel}","templated":true}]}}